{"id":28646,"date":"2026-02-17T21:11:51","date_gmt":"2026-02-17T20:11:51","guid":{"rendered":"https:\/\/www.royalvanzanten.com\/producten\/sin%20categor\u00eda\/lavandula-angustifolia-havanna\/"},"modified":"2026-02-17T22:19:55","modified_gmt":"2026-02-17T21:19:55","slug":"lavanda-havanna","status":"publish","type":"product","link":"https:\/\/www.royalvanzanten.com\/es\/products\/plantas-de-maceta\/lavanda-havanna\/","title":{"rendered":"Lavanda Havanna"},"content":{"rendered":"<ul>\n<li>Grandes flores de color azul p\u00farpura intenso<\/li>\n<li>Excelente resistencia al fr\u00edo, tambi\u00e9n apta para suelo abierto<\/li>\n<li>Menos sensible a botrytis y p\u00e9rdidas, lo que facilita el transporte y la conservaci\u00f3n en tienda<\/li>\n<li>La variedad m\u00e1s vigorosa<\/li>\n<\/ul>\n","protected":false},"excerpt":{"rendered":"<p>Grandes flores de color azul p\u00farpura intenso Excelente resistencia al fr\u00edo, tambi\u00e9n apta para suelo abierto Menos sensible a botrytis y p\u00e9rdidas, lo que facilita el transporte y la conservaci\u00f3n en tienda La variedad m\u00e1s vigorosa<\/p>\n","protected":false},"featured_media":28641,"comment_status":"open","ping_status":"closed","template":"","meta":{"_acf_changed":false,"inline_featured_image":false},"product_brand":[],"product_cat":[5115,2671],"product_tag":[],"class_list":{"0":"post-28646","1":"product","2":"type-product","3":"status-publish","4":"has-post-thumbnail","6":"product_cat-lavendel-es","7":"product_cat-plantas-de-maceta","9":"first","10":"instock","11":"shipping-taxable","12":"product-type-simple"},"acf":[],"yoast_head":"<!-- This site is optimized with the Yoast SEO plugin v27.4 - https:\/\/yoast.com\/product\/yoast-seo-wordpress\/ -->\n<title>Lavanda Havanna - Royal Van Zanten<\/title>\n<meta name=\"robots\" content=\"index, follow, max-snippet:-1, max-image-preview:large, max-video-preview:-1\" \/>\n<link rel=\"canonical\" href=\"https:\/\/www.royalvanzanten.com\/es\/products\/plantas-de-maceta\/lavanda-havanna\/\" \/>\n<meta property=\"og:locale\" content=\"es_ES\" \/>\n<meta property=\"og:type\" content=\"article\" \/>\n<meta property=\"og:title\" content=\"Lavanda Havanna - Royal Van Zanten\" \/>\n<meta property=\"og:description\" content=\"Grandes flores de color azul p\u00farpura intenso Excelente resistencia al fr\u00edo, tambi\u00e9n apta para suelo abierto Menos sensible a botrytis y p\u00e9rdidas, lo que facilita el transporte y la conservaci\u00f3n en tienda La variedad m\u00e1s vigorosa\" \/>\n<meta property=\"og:url\" content=\"https:\/\/www.royalvanzanten.com\/es\/products\/plantas-de-maceta\/lavanda-havanna\/\" \/>\n<meta property=\"og:site_name\" content=\"Royal Van Zanten\" \/>\n<meta property=\"article:publisher\" content=\"https:\/\/www.facebook.com\/RoyalVanZanten\/\" \/>\n<meta property=\"article:modified_time\" content=\"2026-02-17T21:19:55+00:00\" \/>\n<meta property=\"og:image\" content=\"https:\/\/www.royalvanzanten.com\/wp-content\/uploads\/2026\/02\/DSCF1302-3-scaled.jpg\" \/>\n\t<meta property=\"og:image:width\" content=\"1900\" \/>\n\t<meta property=\"og:image:height\" content=\"1520\" \/>\n\t<meta property=\"og:image:type\" content=\"image\/jpeg\" \/>\n<meta name=\"twitter:card\" content=\"summary_large_image\" \/>\n<script type=\"application\/ld+json\" class=\"yoast-schema-graph\">{\"@context\":\"https:\\\/\\\/schema.org\",\"@graph\":[{\"@type\":\"WebPage\",\"@id\":\"https:\\\/\\\/www.royalvanzanten.com\\\/es\\\/products\\\/plantas-de-maceta\\\/lavanda-havanna\\\/\",\"url\":\"https:\\\/\\\/www.royalvanzanten.com\\\/es\\\/products\\\/plantas-de-maceta\\\/lavanda-havanna\\\/\",\"name\":\"Lavanda Havanna - Royal Van Zanten\",\"isPartOf\":{\"@id\":\"https:\\\/\\\/www.royalvanzanten.com\\\/#website\"},\"primaryImageOfPage\":{\"@id\":\"https:\\\/\\\/www.royalvanzanten.com\\\/es\\\/products\\\/plantas-de-maceta\\\/lavanda-havanna\\\/#primaryimage\"},\"image\":{\"@id\":\"https:\\\/\\\/www.royalvanzanten.com\\\/es\\\/products\\\/plantas-de-maceta\\\/lavanda-havanna\\\/#primaryimage\"},\"thumbnailUrl\":\"https:\\\/\\\/www.royalvanzanten.com\\\/wp-content\\\/uploads\\\/2026\\\/02\\\/DSCF1302-3-scaled.jpg\",\"datePublished\":\"2026-02-17T20:11:51+00:00\",\"dateModified\":\"2026-02-17T21:19:55+00:00\",\"breadcrumb\":{\"@id\":\"https:\\\/\\\/www.royalvanzanten.com\\\/es\\\/products\\\/plantas-de-maceta\\\/lavanda-havanna\\\/#breadcrumb\"},\"inLanguage\":\"es\",\"potentialAction\":[{\"@type\":\"ReadAction\",\"target\":[\"https:\\\/\\\/www.royalvanzanten.com\\\/es\\\/products\\\/plantas-de-maceta\\\/lavanda-havanna\\\/\"]}]},{\"@type\":\"ImageObject\",\"inLanguage\":\"es\",\"@id\":\"https:\\\/\\\/www.royalvanzanten.com\\\/es\\\/products\\\/plantas-de-maceta\\\/lavanda-havanna\\\/#primaryimage\",\"url\":\"https:\\\/\\\/www.royalvanzanten.com\\\/wp-content\\\/uploads\\\/2026\\\/02\\\/DSCF1302-3-scaled.jpg\",\"contentUrl\":\"https:\\\/\\\/www.royalvanzanten.com\\\/wp-content\\\/uploads\\\/2026\\\/02\\\/DSCF1302-3-scaled.jpg\",\"width\":1900,\"height\":1520},{\"@type\":\"BreadcrumbList\",\"@id\":\"https:\\\/\\\/www.royalvanzanten.com\\\/es\\\/products\\\/plantas-de-maceta\\\/lavanda-havanna\\\/#breadcrumb\",\"itemListElement\":[{\"@type\":\"ListItem\",\"position\":1,\"name\":\"Home\",\"item\":\"https:\\\/\\\/www.royalvanzanten.com\\\/es\\\/\"},{\"@type\":\"ListItem\",\"position\":2,\"name\":\"Buscador de productos\",\"item\":\"https:\\\/\\\/www.royalvanzanten.com\\\/es\\\/productos-2\\\/\"},{\"@type\":\"ListItem\",\"position\":3,\"name\":\"Lavanda Havanna\"}]},{\"@type\":\"WebSite\",\"@id\":\"https:\\\/\\\/www.royalvanzanten.com\\\/#website\",\"url\":\"https:\\\/\\\/www.royalvanzanten.com\\\/\",\"name\":\"Royal Van Zanten\",\"description\":\"driven by passion\",\"potentialAction\":[{\"@type\":\"SearchAction\",\"target\":{\"@type\":\"EntryPoint\",\"urlTemplate\":\"https:\\\/\\\/www.royalvanzanten.com\\\/?s={search_term_string}\"},\"query-input\":{\"@type\":\"PropertyValueSpecification\",\"valueRequired\":true,\"valueName\":\"search_term_string\"}}],\"inLanguage\":\"es\"}]}<\/script>\n<!-- \/ Yoast SEO plugin. -->","yoast_head_json":{"title":"Lavanda Havanna - Royal Van Zanten","robots":{"index":"index","follow":"follow","max-snippet":"max-snippet:-1","max-image-preview":"max-image-preview:large","max-video-preview":"max-video-preview:-1"},"canonical":"https:\/\/www.royalvanzanten.com\/es\/products\/plantas-de-maceta\/lavanda-havanna\/","og_locale":"es_ES","og_type":"article","og_title":"Lavanda Havanna - Royal Van Zanten","og_description":"Grandes flores de color azul p\u00farpura intenso Excelente resistencia al fr\u00edo, tambi\u00e9n apta para suelo abierto Menos sensible a botrytis y p\u00e9rdidas, lo que facilita el transporte y la conservaci\u00f3n en tienda La variedad m\u00e1s vigorosa","og_url":"https:\/\/www.royalvanzanten.com\/es\/products\/plantas-de-maceta\/lavanda-havanna\/","og_site_name":"Royal Van Zanten","article_publisher":"https:\/\/www.facebook.com\/RoyalVanZanten\/","article_modified_time":"2026-02-17T21:19:55+00:00","og_image":[{"width":1900,"height":1520,"url":"https:\/\/www.royalvanzanten.com\/wp-content\/uploads\/2026\/02\/DSCF1302-3-scaled.jpg","type":"image\/jpeg"}],"twitter_card":"summary_large_image","schema":{"@context":"https:\/\/schema.org","@graph":[{"@type":"WebPage","@id":"https:\/\/www.royalvanzanten.com\/es\/products\/plantas-de-maceta\/lavanda-havanna\/","url":"https:\/\/www.royalvanzanten.com\/es\/products\/plantas-de-maceta\/lavanda-havanna\/","name":"Lavanda Havanna - Royal Van Zanten","isPartOf":{"@id":"https:\/\/www.royalvanzanten.com\/#website"},"primaryImageOfPage":{"@id":"https:\/\/www.royalvanzanten.com\/es\/products\/plantas-de-maceta\/lavanda-havanna\/#primaryimage"},"image":{"@id":"https:\/\/www.royalvanzanten.com\/es\/products\/plantas-de-maceta\/lavanda-havanna\/#primaryimage"},"thumbnailUrl":"https:\/\/www.royalvanzanten.com\/wp-content\/uploads\/2026\/02\/DSCF1302-3-scaled.jpg","datePublished":"2026-02-17T20:11:51+00:00","dateModified":"2026-02-17T21:19:55+00:00","breadcrumb":{"@id":"https:\/\/www.royalvanzanten.com\/es\/products\/plantas-de-maceta\/lavanda-havanna\/#breadcrumb"},"inLanguage":"es","potentialAction":[{"@type":"ReadAction","target":["https:\/\/www.royalvanzanten.com\/es\/products\/plantas-de-maceta\/lavanda-havanna\/"]}]},{"@type":"ImageObject","inLanguage":"es","@id":"https:\/\/www.royalvanzanten.com\/es\/products\/plantas-de-maceta\/lavanda-havanna\/#primaryimage","url":"https:\/\/www.royalvanzanten.com\/wp-content\/uploads\/2026\/02\/DSCF1302-3-scaled.jpg","contentUrl":"https:\/\/www.royalvanzanten.com\/wp-content\/uploads\/2026\/02\/DSCF1302-3-scaled.jpg","width":1900,"height":1520},{"@type":"BreadcrumbList","@id":"https:\/\/www.royalvanzanten.com\/es\/products\/plantas-de-maceta\/lavanda-havanna\/#breadcrumb","itemListElement":[{"@type":"ListItem","position":1,"name":"Home","item":"https:\/\/www.royalvanzanten.com\/es\/"},{"@type":"ListItem","position":2,"name":"Buscador de productos","item":"https:\/\/www.royalvanzanten.com\/es\/productos-2\/"},{"@type":"ListItem","position":3,"name":"Lavanda Havanna"}]},{"@type":"WebSite","@id":"https:\/\/www.royalvanzanten.com\/#website","url":"https:\/\/www.royalvanzanten.com\/","name":"Royal Van Zanten","description":"driven by passion","potentialAction":[{"@type":"SearchAction","target":{"@type":"EntryPoint","urlTemplate":"https:\/\/www.royalvanzanten.com\/?s={search_term_string}"},"query-input":{"@type":"PropertyValueSpecification","valueRequired":true,"valueName":"search_term_string"}}],"inLanguage":"es"}]}},"_links":{"self":[{"href":"https:\/\/www.royalvanzanten.com\/es\/wp-json\/wp\/v2\/product\/28646","targetHints":{"allow":["GET"]}}],"collection":[{"href":"https:\/\/www.royalvanzanten.com\/es\/wp-json\/wp\/v2\/product"}],"about":[{"href":"https:\/\/www.royalvanzanten.com\/es\/wp-json\/wp\/v2\/types\/product"}],"replies":[{"embeddable":true,"href":"https:\/\/www.royalvanzanten.com\/es\/wp-json\/wp\/v2\/comments?post=28646"}],"wp:featuredmedia":[{"embeddable":true,"href":"https:\/\/www.royalvanzanten.com\/es\/wp-json\/wp\/v2\/media\/28641"}],"wp:attachment":[{"href":"https:\/\/www.royalvanzanten.com\/es\/wp-json\/wp\/v2\/media?parent=28646"}],"wp:term":[{"taxonomy":"product_brand","embeddable":true,"href":"https:\/\/www.royalvanzanten.com\/es\/wp-json\/wp\/v2\/product_brand?post=28646"},{"taxonomy":"product_cat","embeddable":true,"href":"https:\/\/www.royalvanzanten.com\/es\/wp-json\/wp\/v2\/product_cat?post=28646"},{"taxonomy":"product_tag","embeddable":true,"href":"https:\/\/www.royalvanzanten.com\/es\/wp-json\/wp\/v2\/product_tag?post=28646"}],"curies":[{"name":"wp","href":"https:\/\/api.w.org\/{rel}","templated":true}]}}