{"id":13850,"date":"2016-06-23T18:36:35","date_gmt":"2016-06-23T16:36:35","guid":{"rendered":"https:\/\/www.royalvanzanten.com\/contact\/"},"modified":"2022-08-25T10:35:59","modified_gmt":"2022-08-25T08:35:59","slug":"contacto","status":"publish","type":"page","link":"https:\/\/www.royalvanzanten.com\/es\/contacto\/","title":{"rendered":"Contacto"},"content":{"rendered":"<h2 style=\"text-align: center;\"><strong>Pasi\u00f3n por todo el mundo<\/strong><\/h2>\n<p style=\"text-align: center;\">Aparte de nuestro entusiasta equipo de los Pa\u00edses Bajos, nos sentimos orgullosos de nuestros centros de producci\u00f3n de Nueva Zelanda, \u00c1frica y Sudam\u00e9rica, con empleados locales a cargo de la multiplicaci\u00f3n y producci\u00f3n de nuestras plantas.<\/p>\n<p style=\"text-align: center;\">.<\/p>\n<p style=\"text-align: center;\">\u00bfDesea m\u00e1s informaci\u00f3n sobre ventas, asistencia o nuestros <a href=\"https:\/\/www.royalvanzanten.com\/es\/productos\/\">productos<\/a>? Busque directamente un agente o env\u00edenos su pregunta a trav\u00e9s del formulario de contacto.<br \/>\nNaturalmente, nuestro equipo estar\u00e1 encantado de <a href=\"https:\/\/www.royalvanzanten.com\/es\/equipo\/\">ayudarlo<\/a>.<\/p>\n<p>&nbsp;<\/p>\n<h2 style=\"text-align: center;\"><strong><script type=\"text\/javascript\">var gform;gform||(document.addEventListener(\"gform_main_scripts_loaded\",function(){gform.scriptsLoaded=!0}),window.addEventListener(\"DOMContentLoaded\",function(){gform.domLoaded=!0}),gform={domLoaded:!1,scriptsLoaded:!1,initializeOnLoaded:function(o){gform.domLoaded&&gform.scriptsLoaded?o():!gform.domLoaded&&gform.scriptsLoaded?window.addEventListener(\"DOMContentLoaded\",o):document.addEventListener(\"gform_main_scripts_loaded\",o)},hooks:{action:{},filter:{}},addAction:function(o,n,r,t){gform.addHook(\"action\",o,n,r,t)},addFilter:function(o,n,r,t){gform.addHook(\"filter\",o,n,r,t)},doAction:function(o){gform.doHook(\"action\",o,arguments)},applyFilters:function(o){return gform.doHook(\"filter\",o,arguments)},removeAction:function(o,n){gform.removeHook(\"action\",o,n)},removeFilter:function(o,n,r){gform.removeHook(\"filter\",o,n,r)},addHook:function(o,n,r,t,i){null==gform.hooks[o][n]&&(gform.hooks[o][n]=[]);var e=gform.hooks[o][n];null==i&&(i=n+\"_\"+e.length),gform.hooks[o][n].push({tag:i,callable:r,priority:t=null==t?10:t})},doHook:function(n,o,r){var t;if(r=Array.prototype.slice.call(r,1),null!=gform.hooks[n][o]&&((o=gform.hooks[n][o]).sort(function(o,n){return o.priority-n.priority}),o.forEach(function(o){\"function\"!=typeof(t=o.callable)&&(t=window[t]),\"action\"==n?t.apply(null,r):r[0]=t.apply(null,r)})),\"filter\"==n)return r[0]},removeHook:function(o,n,t,i){var r;null!=gform.hooks[o][n]&&(r=(r=gform.hooks[o][n]).filter(function(o,n,r){return!!(null!=i&&i!=o.tag||null!=t&&t!=o.priority)}),gform.hooks[o][n]=r)}});<\/script>\n                <div class='gf_browser_gecko gform_wrapper gform_legacy_markup_wrapper gform-theme--no-framework' data-form-theme='legacy' data-form-index='0' id='gform_wrapper_2' >\n                        <div class='gform_heading'>\n                            <h3 class=\"gform_title\">Formulario de contacto<\/h3>\n                            <p class='gform_description'><\/p>\n                        <\/div><form method='post' enctype='multipart\/form-data'  id='gform_2'  action='\/es\/wp-json\/wp\/v2\/pages\/13850' data-formid='2' >\n                        <div class='gform-body gform_body'><ul id='gform_fields_2' class='gform_fields top_label form_sublabel_below description_below'><li id=\"field_2_1\"  class=\"gfield gfield--type-select label-left gfield_contains_required field_sublabel_below gfield--no-description field_description_below gfield_visibility_visible\"  data-js-reload=\"field_2_1\"><label class='gfield_label gform-field-label' for='input_2_1' >Tengo una pregunta sobre<span class=\"gfield_required\"><span class=\"gfield_required gfield_required_asterisk\">*<\/span><\/span><\/label><div class='ginput_container ginput_container_select'><select name='input_1' id='input_2_1' class='medium gfield_select'    aria-required=\"true\" aria-invalid=\"false\" ><option value='General' >General<\/option><option value='Plantas en maceta' >Plantas en maceta<\/option><option value='Flor de corte' >Flor de corte<\/option><option value='Bulbos de flor' >Bulbos de flor<\/option><option value='De lo contrario...' >De lo contrario...<\/option><\/select><\/div><\/li><li id=\"field_2_2\"  class=\"gfield gfield--type-textarea gfield_contains_required field_sublabel_below gfield--no-description field_description_below gfield_visibility_visible\"  data-js-reload=\"field_2_2\"><label class='gfield_label gform-field-label screen-reader-text' for='input_2_2' >Mi pregunta es<span class=\"gfield_required\"><span class=\"gfield_required gfield_required_asterisk\">*<\/span><\/span><\/label><div class='ginput_container ginput_container_textarea'><textarea name='input_2' id='input_2_2' class='textarea large'    placeholder='Mi pregunta es' aria-required=\"true\" aria-invalid=\"false\"   rows='10' cols='50'><\/textarea><\/div><\/li><li id=\"field_2_3\"  class=\"gfield gfield--type-text gfield_contains_required field_sublabel_below gfield--no-description field_description_below gfield_visibility_visible\"  data-js-reload=\"field_2_3\"><label class='gfield_label gform-field-label screen-reader-text' for='input_2_3' >Nombre<span class=\"gfield_required\"><span class=\"gfield_required gfield_required_asterisk\">*<\/span><\/span><\/label><div class='ginput_container ginput_container_text'><input name='input_3' id='input_2_3' type='text' value='' class='large'    placeholder='Nombre' aria-required=\"true\" aria-invalid=\"false\"   \/> <\/div><\/li><li id=\"field_2_4\"  class=\"gfield gfield--type-text field_sublabel_below gfield--no-description field_description_below gfield_visibility_visible\"  data-js-reload=\"field_2_4\"><label class='gfield_label gform-field-label screen-reader-text' for='input_2_4' >Empresa<\/label><div class='ginput_container ginput_container_text'><input name='input_4' id='input_2_4' type='text' value='' class='large'    placeholder='Empresa'  aria-invalid=\"false\"   \/> <\/div><\/li><li id=\"field_2_6\"  class=\"gfield gfield--type-text field_sublabel_below gfield--no-description field_description_below gfield_visibility_visible\"  data-js-reload=\"field_2_6\"><label class='gfield_label gform-field-label screen-reader-text' for='input_2_6' >Direcci\u00f3n<\/label><div class='ginput_container ginput_container_text'><input name='input_6' id='input_2_6' type='text' value='' class='large'    placeholder='Direcci\u00f3n'  aria-invalid=\"false\"   \/> <\/div><\/li><li id=\"field_2_7\"  class=\"gfield gfield--type-text input-half field_sublabel_below gfield--no-description field_description_below gfield_visibility_visible\"  data-js-reload=\"field_2_7\"><label class='gfield_label gform-field-label screen-reader-text' for='input_2_7' >C\u00f3digo postal<\/label><div class='ginput_container ginput_container_text'><input name='input_7' id='input_2_7' type='text' value='' class='medium'    placeholder='C\u00f3digo postal'  aria-invalid=\"false\"   \/> <\/div><\/li><li id=\"field_2_8\"  class=\"gfield gfield--type-text input-half field_sublabel_below gfield--no-description field_description_below gfield_visibility_visible\"  data-js-reload=\"field_2_8\"><label class='gfield_label gform-field-label screen-reader-text' for='input_2_8' >Ciudad<\/label><div class='ginput_container ginput_container_text'><input name='input_8' id='input_2_8' type='text' value='' class='medium'    placeholder='Ciudad'  aria-invalid=\"false\"   \/> <\/div><\/li><li id=\"field_2_9\"  class=\"gfield gfield--type-text input-half field_sublabel_below gfield--no-description field_description_below gfield_visibility_visible\"  data-js-reload=\"field_2_9\"><label class='gfield_label gform-field-label screen-reader-text' for='input_2_9' >Pa\u00eds<\/label><div class='ginput_container ginput_container_text'><input name='input_9' id='input_2_9' type='text' value='' class='medium'    placeholder='Pa\u00eds'  aria-invalid=\"false\"   \/> <\/div><\/li><li id=\"field_2_10\"  class=\"gfield gfield--type-text input-half gfield_contains_required field_sublabel_below gfield--no-description field_description_below gfield_visibility_visible\"  data-js-reload=\"field_2_10\"><label class='gfield_label gform-field-label screen-reader-text' for='input_2_10' >Tel\u00e9fono*<span class=\"gfield_required\"><span class=\"gfield_required gfield_required_asterisk\">*<\/span><\/span><\/label><div class='ginput_container ginput_container_text'><input name='input_10' id='input_2_10' type='text' value='' class='medium'    placeholder='Tel\u00e9fono*' aria-required=\"true\" aria-invalid=\"false\"   \/> <\/div><\/li><li id=\"field_2_11\"  class=\"gfield gfield--type-email gfield_contains_required field_sublabel_below gfield--no-description field_description_below gfield_visibility_visible\"  data-js-reload=\"field_2_11\"><label class='gfield_label gform-field-label screen-reader-text' for='input_2_11' >E-mail*<span class=\"gfield_required\"><span class=\"gfield_required gfield_required_asterisk\">*<\/span><\/span><\/label><div class='ginput_container ginput_container_email'>\n                            <input name='input_11' id='input_2_11' type='text' value='' class='large'   placeholder='E-mail*' aria-required=\"true\" aria-invalid=\"false\"  \/>\n                        <\/div><\/li><li id=\"field_2_12\"  class=\"gfield gfield--type-checkbox gfield--type-choice input-checkbox field_sublabel_below gfield--no-description field_description_below gfield_visibility_visible\"  data-js-reload=\"field_2_12\"><label class='gfield_label gform-field-label gfield_label_before_complex'  >Recibir una copia<\/label><div class='ginput_container ginput_container_checkbox'><ul class='gfield_checkbox' id='input_2_12'><li class='gchoice gchoice_2_12_1'>\n\t\t\t\t\t\t\t\t<input class='gfield-choice-input' name='input_12.1' type='checkbox'  value='1'  id='choice_2_12_1'   \/>\n\t\t\t\t\t\t\t\t<label for='choice_2_12_1' id='label_2_12_1' class='gform-field-label gform-field-label--type-inline'><\/label>\n\t\t\t\t\t\t\t<\/li><\/ul><\/div><\/li><li id=\"field_2_13\"  class=\"gfield gfield--type-captcha field_sublabel_below gfield--no-description field_description_below gfield_visibility_visible\"  data-js-reload=\"field_2_13\"><label class='gfield_label gform-field-label screen-reader-text' for='input_2_13' ><\/label><div id='input_2_13' class='ginput_container ginput_recaptcha' data-sitekey='6Lec9HoUAAAAAHsQ5HvXasc0TEqP3Ozak-n1MB31'  data-theme='light' data-tabindex='0'  data-badge=''><\/div><\/li><li id=\"field_2_14\"  class=\"gfield gfield--type-honeypot gform_validation_container field_sublabel_below gfield--has-description field_description_below gfield_visibility_visible\"  data-js-reload=\"field_2_14\"><label class='gfield_label gform-field-label' for='input_2_14' >Name<\/label><div class='ginput_container'><input name='input_14' id='input_2_14' type='text' value='' \/><\/div><div class='gfield_description' id='gfield_description_2_14'>This field is for validation purposes and should be left unchanged.<\/div><\/li><\/ul><\/div>\n        <div class='gform_footer top_label'> <input type='submit' id='gform_submit_button_2' class='gform_button button' value='Enviar'  onclick='if(window[\"gf_submitting_2\"]){return false;}  window[\"gf_submitting_2\"]=true;  ' onkeypress='if( event.keyCode == 13 ){ if(window[\"gf_submitting_2\"]){return false;} window[\"gf_submitting_2\"]=true;  jQuery(\"#gform_2\").trigger(\"submit\",[true]); }' \/> \n            <input type='hidden' class='gform_hidden' name='is_submit_2' value='1' \/>\n            <input type='hidden' class='gform_hidden' name='gform_submit' value='2' \/>\n            \n            <input type='hidden' class='gform_hidden' name='gform_unique_id' value='' \/>\n            <input type='hidden' class='gform_hidden' name='state_2' value='WyJbXSIsIjEwZjI4YTMxYmNlYzkyYTY5MmJmZGVmNzc4MTdiODAyIl0=' \/>\n            <input type='hidden' class='gform_hidden' name='gform_target_page_number_2' id='gform_target_page_number_2' value='0' \/>\n            <input type='hidden' class='gform_hidden' name='gform_source_page_number_2' id='gform_source_page_number_2' value='1' \/>\n            <input type='hidden' name='gform_field_values' value='' \/>\n            \n        <\/div>\n                        <\/form>\n                        <\/div><script type=\"text\/javascript\">\n\/* <![CDATA[ *\/\n gform.initializeOnLoaded( function() {gformInitSpinner( 2, 'https:\/\/www.royalvanzanten.com\/wp-content\/plugins\/gravityforms\/images\/spinner.svg', true );jQuery('#gform_ajax_frame_2').on('load',function(){var contents = jQuery(this).contents().find('*').html();var is_postback = contents.indexOf('GF_AJAX_POSTBACK') >= 0;if(!is_postback){return;}var form_content = jQuery(this).contents().find('#gform_wrapper_2');var is_confirmation = jQuery(this).contents().find('#gform_confirmation_wrapper_2').length > 0;var is_redirect = contents.indexOf('gformRedirect(){') >= 0;var is_form = form_content.length > 0 && ! is_redirect && ! is_confirmation;var mt = parseInt(jQuery('html').css('margin-top'), 10) + parseInt(jQuery('body').css('margin-top'), 10) + 100;if(is_form){jQuery('#gform_wrapper_2').html(form_content.html());if(form_content.hasClass('gform_validation_error')){jQuery('#gform_wrapper_2').addClass('gform_validation_error');} else {jQuery('#gform_wrapper_2').removeClass('gform_validation_error');}setTimeout( function() { \/* delay the scroll by 50 milliseconds to fix a bug in chrome *\/  }, 50 );if(window['gformInitDatepicker']) {gformInitDatepicker();}if(window['gformInitPriceFields']) {gformInitPriceFields();}var current_page = jQuery('#gform_source_page_number_2').val();gformInitSpinner( 2, 'https:\/\/www.royalvanzanten.com\/wp-content\/plugins\/gravityforms\/images\/spinner.svg', true );jQuery(document).trigger('gform_page_loaded', [2, current_page]);window['gf_submitting_2'] = false;}else if(!is_redirect){var confirmation_content = jQuery(this).contents().find('.GF_AJAX_POSTBACK').html();if(!confirmation_content){confirmation_content = contents;}setTimeout(function(){jQuery('#gform_wrapper_2').replaceWith(confirmation_content);jQuery(document).trigger('gform_confirmation_loaded', [2]);window['gf_submitting_2'] = false;wp.a11y.speak(jQuery('#gform_confirmation_message_2').text());}, 50);}else{jQuery('#gform_2').append(contents);if(window['gformRedirect']) {gformRedirect();}}jQuery(document).trigger('gform_post_render', [2, current_page]);} );} ); \n\/* ]]> *\/\n<\/script>\n<\/strong><\/h2>\n<p style=\"text-align: center;\">\n","protected":false},"excerpt":{"rendered":"<p>Pasi\u00f3n por todo el mundo Aparte de nuestro entusiasta equipo de los Pa\u00edses Bajos, nos sentimos orgullosos de nuestros centros de producci\u00f3n de Nueva Zelanda, \u00c1frica y Sudam\u00e9rica, con empleados locales a cargo de la multiplicaci\u00f3n y producci\u00f3n de nuestras plantas. . \u00bfDesea m\u00e1s informaci\u00f3n sobre ventas, asistencia o nuestros productos? Busque directamente un agente [&hellip;]<\/p>\n","protected":false},"author":20,"featured_media":13852,"parent":0,"menu_order":0,"comment_status":"closed","ping_status":"closed","template":"","meta":{"_acf_changed":false,"inline_featured_image":false,"footnotes":""},"class_list":["post-13850","page","type-page","status-publish","has-post-thumbnail","hentry"],"acf":[],"yoast_head":"<!-- This site is optimized with the Yoast SEO plugin v27.4 - https:\/\/yoast.com\/product\/yoast-seo-wordpress\/ -->\n<title>Contacto - Royal Van Zanten<\/title>\n<meta name=\"robots\" content=\"index, follow, max-snippet:-1, max-image-preview:large, max-video-preview:-1\" \/>\n<link rel=\"canonical\" href=\"https:\/\/www.royalvanzanten.com\/es\/contacto\/\" \/>\n<meta property=\"og:locale\" content=\"es_ES\" \/>\n<meta property=\"og:type\" content=\"article\" \/>\n<meta property=\"og:title\" content=\"Contacto - Royal Van Zanten\" \/>\n<meta property=\"og:description\" content=\"Pasi\u00f3n por todo el mundo Aparte de nuestro entusiasta equipo de los Pa\u00edses Bajos, nos sentimos orgullosos de nuestros centros de producci\u00f3n de Nueva Zelanda, \u00c1frica y Sudam\u00e9rica, con empleados locales a cargo de la multiplicaci\u00f3n y producci\u00f3n de nuestras plantas. . \u00bfDesea m\u00e1s informaci\u00f3n sobre ventas, asistencia o nuestros productos? Busque directamente un agente [&hellip;]\" \/>\n<meta property=\"og:url\" content=\"https:\/\/www.royalvanzanten.com\/es\/contacto\/\" \/>\n<meta property=\"og:site_name\" content=\"Royal Van Zanten\" \/>\n<meta property=\"article:publisher\" content=\"https:\/\/www.facebook.com\/RoyalVanZanten\/\" \/>\n<meta property=\"article:modified_time\" content=\"2022-08-25T08:35:59+00:00\" \/>\n<meta property=\"og:image\" content=\"https:\/\/www.royalvanzanten.com\/wp-content\/uploads\/2016\/06\/RoyalVanZantenContact_02.jpg\" \/>\n\t<meta property=\"og:image:width\" content=\"1600\" \/>\n\t<meta property=\"og:image:height\" content=\"700\" \/>\n\t<meta property=\"og:image:type\" content=\"image\/jpeg\" \/>\n<meta name=\"twitter:card\" content=\"summary_large_image\" \/>\n<meta name=\"twitter:label1\" content=\"Tiempo de lectura\" \/>\n\t<meta name=\"twitter:data1\" content=\"1 minuto\" \/>\n<script type=\"application\/ld+json\" class=\"yoast-schema-graph\">{\"@context\":\"https:\\\/\\\/schema.org\",\"@graph\":[{\"@type\":\"WebPage\",\"@id\":\"https:\\\/\\\/www.royalvanzanten.com\\\/es\\\/contacto\\\/\",\"url\":\"https:\\\/\\\/www.royalvanzanten.com\\\/es\\\/contacto\\\/\",\"name\":\"Contacto - Royal Van Zanten\",\"isPartOf\":{\"@id\":\"https:\\\/\\\/www.royalvanzanten.com\\\/#website\"},\"primaryImageOfPage\":{\"@id\":\"https:\\\/\\\/www.royalvanzanten.com\\\/es\\\/contacto\\\/#primaryimage\"},\"image\":{\"@id\":\"https:\\\/\\\/www.royalvanzanten.com\\\/es\\\/contacto\\\/#primaryimage\"},\"thumbnailUrl\":\"https:\\\/\\\/www.royalvanzanten.com\\\/wp-content\\\/uploads\\\/2016\\\/06\\\/RoyalVanZantenContact_02.jpg\",\"datePublished\":\"2016-06-23T16:36:35+00:00\",\"dateModified\":\"2022-08-25T08:35:59+00:00\",\"breadcrumb\":{\"@id\":\"https:\\\/\\\/www.royalvanzanten.com\\\/es\\\/contacto\\\/#breadcrumb\"},\"inLanguage\":\"es\",\"potentialAction\":[{\"@type\":\"ReadAction\",\"target\":[\"https:\\\/\\\/www.royalvanzanten.com\\\/es\\\/contacto\\\/\"]}]},{\"@type\":\"ImageObject\",\"inLanguage\":\"es\",\"@id\":\"https:\\\/\\\/www.royalvanzanten.com\\\/es\\\/contacto\\\/#primaryimage\",\"url\":\"https:\\\/\\\/www.royalvanzanten.com\\\/wp-content\\\/uploads\\\/2016\\\/06\\\/RoyalVanZantenContact_02.jpg\",\"contentUrl\":\"https:\\\/\\\/www.royalvanzanten.com\\\/wp-content\\\/uploads\\\/2016\\\/06\\\/RoyalVanZantenContact_02.jpg\",\"width\":1600,\"height\":700},{\"@type\":\"BreadcrumbList\",\"@id\":\"https:\\\/\\\/www.royalvanzanten.com\\\/es\\\/contacto\\\/#breadcrumb\",\"itemListElement\":[{\"@type\":\"ListItem\",\"position\":1,\"name\":\"Home\",\"item\":\"https:\\\/\\\/www.royalvanzanten.com\\\/es\\\/\"},{\"@type\":\"ListItem\",\"position\":2,\"name\":\"Contacto\"}]},{\"@type\":\"WebSite\",\"@id\":\"https:\\\/\\\/www.royalvanzanten.com\\\/#website\",\"url\":\"https:\\\/\\\/www.royalvanzanten.com\\\/\",\"name\":\"Royal Van Zanten\",\"description\":\"driven by passion\",\"potentialAction\":[{\"@type\":\"SearchAction\",\"target\":{\"@type\":\"EntryPoint\",\"urlTemplate\":\"https:\\\/\\\/www.royalvanzanten.com\\\/?s={search_term_string}\"},\"query-input\":{\"@type\":\"PropertyValueSpecification\",\"valueRequired\":true,\"valueName\":\"search_term_string\"}}],\"inLanguage\":\"es\"}]}<\/script>\n<!-- \/ Yoast SEO plugin. -->","yoast_head_json":{"title":"Contacto - Royal Van Zanten","robots":{"index":"index","follow":"follow","max-snippet":"max-snippet:-1","max-image-preview":"max-image-preview:large","max-video-preview":"max-video-preview:-1"},"canonical":"https:\/\/www.royalvanzanten.com\/es\/contacto\/","og_locale":"es_ES","og_type":"article","og_title":"Contacto - Royal Van Zanten","og_description":"Pasi\u00f3n por todo el mundo Aparte de nuestro entusiasta equipo de los Pa\u00edses Bajos, nos sentimos orgullosos de nuestros centros de producci\u00f3n de Nueva Zelanda, \u00c1frica y Sudam\u00e9rica, con empleados locales a cargo de la multiplicaci\u00f3n y producci\u00f3n de nuestras plantas. . \u00bfDesea m\u00e1s informaci\u00f3n sobre ventas, asistencia o nuestros productos? Busque directamente un agente [&hellip;]","og_url":"https:\/\/www.royalvanzanten.com\/es\/contacto\/","og_site_name":"Royal Van Zanten","article_publisher":"https:\/\/www.facebook.com\/RoyalVanZanten\/","article_modified_time":"2022-08-25T08:35:59+00:00","og_image":[{"width":1600,"height":700,"url":"https:\/\/www.royalvanzanten.com\/wp-content\/uploads\/2016\/06\/RoyalVanZantenContact_02.jpg","type":"image\/jpeg"}],"twitter_card":"summary_large_image","twitter_misc":{"Tiempo de lectura":"1 minuto"},"schema":{"@context":"https:\/\/schema.org","@graph":[{"@type":"WebPage","@id":"https:\/\/www.royalvanzanten.com\/es\/contacto\/","url":"https:\/\/www.royalvanzanten.com\/es\/contacto\/","name":"Contacto - Royal Van Zanten","isPartOf":{"@id":"https:\/\/www.royalvanzanten.com\/#website"},"primaryImageOfPage":{"@id":"https:\/\/www.royalvanzanten.com\/es\/contacto\/#primaryimage"},"image":{"@id":"https:\/\/www.royalvanzanten.com\/es\/contacto\/#primaryimage"},"thumbnailUrl":"https:\/\/www.royalvanzanten.com\/wp-content\/uploads\/2016\/06\/RoyalVanZantenContact_02.jpg","datePublished":"2016-06-23T16:36:35+00:00","dateModified":"2022-08-25T08:35:59+00:00","breadcrumb":{"@id":"https:\/\/www.royalvanzanten.com\/es\/contacto\/#breadcrumb"},"inLanguage":"es","potentialAction":[{"@type":"ReadAction","target":["https:\/\/www.royalvanzanten.com\/es\/contacto\/"]}]},{"@type":"ImageObject","inLanguage":"es","@id":"https:\/\/www.royalvanzanten.com\/es\/contacto\/#primaryimage","url":"https:\/\/www.royalvanzanten.com\/wp-content\/uploads\/2016\/06\/RoyalVanZantenContact_02.jpg","contentUrl":"https:\/\/www.royalvanzanten.com\/wp-content\/uploads\/2016\/06\/RoyalVanZantenContact_02.jpg","width":1600,"height":700},{"@type":"BreadcrumbList","@id":"https:\/\/www.royalvanzanten.com\/es\/contacto\/#breadcrumb","itemListElement":[{"@type":"ListItem","position":1,"name":"Home","item":"https:\/\/www.royalvanzanten.com\/es\/"},{"@type":"ListItem","position":2,"name":"Contacto"}]},{"@type":"WebSite","@id":"https:\/\/www.royalvanzanten.com\/#website","url":"https:\/\/www.royalvanzanten.com\/","name":"Royal Van Zanten","description":"driven by passion","potentialAction":[{"@type":"SearchAction","target":{"@type":"EntryPoint","urlTemplate":"https:\/\/www.royalvanzanten.com\/?s={search_term_string}"},"query-input":{"@type":"PropertyValueSpecification","valueRequired":true,"valueName":"search_term_string"}}],"inLanguage":"es"}]}},"_links":{"self":[{"href":"https:\/\/www.royalvanzanten.com\/es\/wp-json\/wp\/v2\/pages\/13850","targetHints":{"allow":["GET"]}}],"collection":[{"href":"https:\/\/www.royalvanzanten.com\/es\/wp-json\/wp\/v2\/pages"}],"about":[{"href":"https:\/\/www.royalvanzanten.com\/es\/wp-json\/wp\/v2\/types\/page"}],"author":[{"embeddable":true,"href":"https:\/\/www.royalvanzanten.com\/es\/wp-json\/wp\/v2\/users\/20"}],"replies":[{"embeddable":true,"href":"https:\/\/www.royalvanzanten.com\/es\/wp-json\/wp\/v2\/comments?post=13850"}],"version-history":[{"count":9,"href":"https:\/\/www.royalvanzanten.com\/es\/wp-json\/wp\/v2\/pages\/13850\/revisions"}],"predecessor-version":[{"id":17767,"href":"https:\/\/www.royalvanzanten.com\/es\/wp-json\/wp\/v2\/pages\/13850\/revisions\/17767"}],"wp:featuredmedia":[{"embeddable":true,"href":"https:\/\/www.royalvanzanten.com\/es\/wp-json\/wp\/v2\/media\/13852"}],"wp:attachment":[{"href":"https:\/\/www.royalvanzanten.com\/es\/wp-json\/wp\/v2\/media?parent=13850"}],"curies":[{"name":"wp","href":"https:\/\/api.w.org\/{rel}","templated":true}]}}