{"id":13807,"date":"2021-03-30T11:42:24","date_gmt":"2021-03-30T09:42:24","guid":{"rendered":"https:\/\/www.royalvanzanten.com\/?page_id=13807"},"modified":"2022-08-22T16:47:09","modified_gmt":"2022-08-22T14:47:09","slug":"historia","status":"publish","type":"page","link":"https:\/\/www.royalvanzanten.com\/es\/historia\/","title":{"rendered":"Historia"},"content":{"rendered":"<p style=\"text-align: center;\"><strong>Una empresa Real<\/strong><\/p>\n<p style=\"text-align: center;\">Como empresa a la que la corona neerlandesa le ha otorgado el derecho honor\u00edfico de a\u00f1adir el t\u00edtulo de Royal \u2014Real\u2014 a su nombre, concedemos mucho valor a la continuidad y a las relaciones duraderas. Esto se aplica tanto a nuestros empleados como a los clientes y los socios de la cadena. Combinamos una experiencia adquirida a lo largo de m\u00e1s de 150 a\u00f1os con nuestro conocimiento del mercado, lo cual nos permite crear avances innovadores y siempre relevantes.<\/p>\n","protected":false},"excerpt":{"rendered":"<p>Una empresa Real Como empresa a la que la corona neerlandesa le ha otorgado el derecho honor\u00edfico de a\u00f1adir el t\u00edtulo de Royal \u2014Real\u2014 a su nombre, concedemos mucho valor a la continuidad y a las relaciones duraderas. Esto se aplica tanto a nuestros empleados como a los clientes y los socios de la cadena. [&hellip;]<\/p>\n","protected":false},"author":19,"featured_media":13812,"parent":0,"menu_order":0,"comment_status":"closed","ping_status":"closed","template":"templates\/template-about-us.php","meta":{"_acf_changed":false,"inline_featured_image":false,"footnotes":""},"class_list":["post-13807","page","type-page","status-publish","has-post-thumbnail","hentry"],"acf":[],"yoast_head":"<!-- This site is optimized with the Yoast SEO plugin v27.4 - https:\/\/yoast.com\/product\/yoast-seo-wordpress\/ -->\n<title>Historia - Royal Van Zanten<\/title>\n<meta name=\"robots\" content=\"index, follow, max-snippet:-1, max-image-preview:large, max-video-preview:-1\" \/>\n<link rel=\"canonical\" href=\"https:\/\/www.royalvanzanten.com\/es\/historia\/\" \/>\n<meta property=\"og:locale\" content=\"es_ES\" \/>\n<meta property=\"og:type\" content=\"article\" \/>\n<meta property=\"og:title\" content=\"Historia - Royal Van Zanten\" \/>\n<meta property=\"og:description\" content=\"Una empresa Real Como empresa a la que la corona neerlandesa le ha otorgado el derecho honor\u00edfico de a\u00f1adir el t\u00edtulo de Royal \u2014Real\u2014 a su nombre, concedemos mucho valor a la continuidad y a las relaciones duraderas. Esto se aplica tanto a nuestros empleados como a los clientes y los socios de la cadena. [&hellip;]\" \/>\n<meta property=\"og:url\" content=\"https:\/\/www.royalvanzanten.com\/es\/historia\/\" \/>\n<meta property=\"og:site_name\" content=\"Royal Van Zanten\" \/>\n<meta property=\"article:publisher\" content=\"https:\/\/www.facebook.com\/RoyalVanZanten\/\" \/>\n<meta property=\"article:modified_time\" content=\"2022-08-22T14:47:09+00:00\" \/>\n<meta property=\"og:image\" content=\"https:\/\/www.royalvanzanten.com\/wp-content\/uploads\/2016\/06\/OVER_ONS_0005_RoyalVanZanten-Hillegom.jpg\" \/>\n\t<meta property=\"og:image:width\" content=\"1200\" \/>\n\t<meta property=\"og:image:height\" content=\"900\" \/>\n\t<meta property=\"og:image:type\" content=\"image\/jpeg\" \/>\n<meta name=\"twitter:card\" content=\"summary_large_image\" \/>\n<meta name=\"twitter:label1\" content=\"Tiempo de lectura\" \/>\n\t<meta name=\"twitter:data1\" content=\"1 minuto\" \/>\n<script type=\"application\/ld+json\" class=\"yoast-schema-graph\">{\"@context\":\"https:\\\/\\\/schema.org\",\"@graph\":[{\"@type\":\"WebPage\",\"@id\":\"https:\\\/\\\/www.royalvanzanten.com\\\/es\\\/historia\\\/\",\"url\":\"https:\\\/\\\/www.royalvanzanten.com\\\/es\\\/historia\\\/\",\"name\":\"Historia - Royal Van Zanten\",\"isPartOf\":{\"@id\":\"https:\\\/\\\/www.royalvanzanten.com\\\/#website\"},\"primaryImageOfPage\":{\"@id\":\"https:\\\/\\\/www.royalvanzanten.com\\\/es\\\/historia\\\/#primaryimage\"},\"image\":{\"@id\":\"https:\\\/\\\/www.royalvanzanten.com\\\/es\\\/historia\\\/#primaryimage\"},\"thumbnailUrl\":\"https:\\\/\\\/www.royalvanzanten.com\\\/wp-content\\\/uploads\\\/2016\\\/06\\\/OVER_ONS_0005_RoyalVanZanten-Hillegom.jpg\",\"datePublished\":\"2021-03-30T09:42:24+00:00\",\"dateModified\":\"2022-08-22T14:47:09+00:00\",\"breadcrumb\":{\"@id\":\"https:\\\/\\\/www.royalvanzanten.com\\\/es\\\/historia\\\/#breadcrumb\"},\"inLanguage\":\"es\",\"potentialAction\":[{\"@type\":\"ReadAction\",\"target\":[\"https:\\\/\\\/www.royalvanzanten.com\\\/es\\\/historia\\\/\"]}]},{\"@type\":\"ImageObject\",\"inLanguage\":\"es\",\"@id\":\"https:\\\/\\\/www.royalvanzanten.com\\\/es\\\/historia\\\/#primaryimage\",\"url\":\"https:\\\/\\\/www.royalvanzanten.com\\\/wp-content\\\/uploads\\\/2016\\\/06\\\/OVER_ONS_0005_RoyalVanZanten-Hillegom.jpg\",\"contentUrl\":\"https:\\\/\\\/www.royalvanzanten.com\\\/wp-content\\\/uploads\\\/2016\\\/06\\\/OVER_ONS_0005_RoyalVanZanten-Hillegom.jpg\",\"width\":1200,\"height\":900},{\"@type\":\"BreadcrumbList\",\"@id\":\"https:\\\/\\\/www.royalvanzanten.com\\\/es\\\/historia\\\/#breadcrumb\",\"itemListElement\":[{\"@type\":\"ListItem\",\"position\":1,\"name\":\"Home\",\"item\":\"https:\\\/\\\/www.royalvanzanten.com\\\/es\\\/\"},{\"@type\":\"ListItem\",\"position\":2,\"name\":\"Historia\"}]},{\"@type\":\"WebSite\",\"@id\":\"https:\\\/\\\/www.royalvanzanten.com\\\/#website\",\"url\":\"https:\\\/\\\/www.royalvanzanten.com\\\/\",\"name\":\"Royal Van Zanten\",\"description\":\"driven by passion\",\"potentialAction\":[{\"@type\":\"SearchAction\",\"target\":{\"@type\":\"EntryPoint\",\"urlTemplate\":\"https:\\\/\\\/www.royalvanzanten.com\\\/?s={search_term_string}\"},\"query-input\":{\"@type\":\"PropertyValueSpecification\",\"valueRequired\":true,\"valueName\":\"search_term_string\"}}],\"inLanguage\":\"es\"}]}<\/script>\n<!-- \/ Yoast SEO plugin. -->","yoast_head_json":{"title":"Historia - Royal Van Zanten","robots":{"index":"index","follow":"follow","max-snippet":"max-snippet:-1","max-image-preview":"max-image-preview:large","max-video-preview":"max-video-preview:-1"},"canonical":"https:\/\/www.royalvanzanten.com\/es\/historia\/","og_locale":"es_ES","og_type":"article","og_title":"Historia - Royal Van Zanten","og_description":"Una empresa Real Como empresa a la que la corona neerlandesa le ha otorgado el derecho honor\u00edfico de a\u00f1adir el t\u00edtulo de Royal \u2014Real\u2014 a su nombre, concedemos mucho valor a la continuidad y a las relaciones duraderas. Esto se aplica tanto a nuestros empleados como a los clientes y los socios de la cadena. [&hellip;]","og_url":"https:\/\/www.royalvanzanten.com\/es\/historia\/","og_site_name":"Royal Van Zanten","article_publisher":"https:\/\/www.facebook.com\/RoyalVanZanten\/","article_modified_time":"2022-08-22T14:47:09+00:00","og_image":[{"width":1200,"height":900,"url":"https:\/\/www.royalvanzanten.com\/wp-content\/uploads\/2016\/06\/OVER_ONS_0005_RoyalVanZanten-Hillegom.jpg","type":"image\/jpeg"}],"twitter_card":"summary_large_image","twitter_misc":{"Tiempo de lectura":"1 minuto"},"schema":{"@context":"https:\/\/schema.org","@graph":[{"@type":"WebPage","@id":"https:\/\/www.royalvanzanten.com\/es\/historia\/","url":"https:\/\/www.royalvanzanten.com\/es\/historia\/","name":"Historia - Royal Van Zanten","isPartOf":{"@id":"https:\/\/www.royalvanzanten.com\/#website"},"primaryImageOfPage":{"@id":"https:\/\/www.royalvanzanten.com\/es\/historia\/#primaryimage"},"image":{"@id":"https:\/\/www.royalvanzanten.com\/es\/historia\/#primaryimage"},"thumbnailUrl":"https:\/\/www.royalvanzanten.com\/wp-content\/uploads\/2016\/06\/OVER_ONS_0005_RoyalVanZanten-Hillegom.jpg","datePublished":"2021-03-30T09:42:24+00:00","dateModified":"2022-08-22T14:47:09+00:00","breadcrumb":{"@id":"https:\/\/www.royalvanzanten.com\/es\/historia\/#breadcrumb"},"inLanguage":"es","potentialAction":[{"@type":"ReadAction","target":["https:\/\/www.royalvanzanten.com\/es\/historia\/"]}]},{"@type":"ImageObject","inLanguage":"es","@id":"https:\/\/www.royalvanzanten.com\/es\/historia\/#primaryimage","url":"https:\/\/www.royalvanzanten.com\/wp-content\/uploads\/2016\/06\/OVER_ONS_0005_RoyalVanZanten-Hillegom.jpg","contentUrl":"https:\/\/www.royalvanzanten.com\/wp-content\/uploads\/2016\/06\/OVER_ONS_0005_RoyalVanZanten-Hillegom.jpg","width":1200,"height":900},{"@type":"BreadcrumbList","@id":"https:\/\/www.royalvanzanten.com\/es\/historia\/#breadcrumb","itemListElement":[{"@type":"ListItem","position":1,"name":"Home","item":"https:\/\/www.royalvanzanten.com\/es\/"},{"@type":"ListItem","position":2,"name":"Historia"}]},{"@type":"WebSite","@id":"https:\/\/www.royalvanzanten.com\/#website","url":"https:\/\/www.royalvanzanten.com\/","name":"Royal Van Zanten","description":"driven by passion","potentialAction":[{"@type":"SearchAction","target":{"@type":"EntryPoint","urlTemplate":"https:\/\/www.royalvanzanten.com\/?s={search_term_string}"},"query-input":{"@type":"PropertyValueSpecification","valueRequired":true,"valueName":"search_term_string"}}],"inLanguage":"es"}]}},"_links":{"self":[{"href":"https:\/\/www.royalvanzanten.com\/es\/wp-json\/wp\/v2\/pages\/13807","targetHints":{"allow":["GET"]}}],"collection":[{"href":"https:\/\/www.royalvanzanten.com\/es\/wp-json\/wp\/v2\/pages"}],"about":[{"href":"https:\/\/www.royalvanzanten.com\/es\/wp-json\/wp\/v2\/types\/page"}],"author":[{"embeddable":true,"href":"https:\/\/www.royalvanzanten.com\/es\/wp-json\/wp\/v2\/users\/19"}],"replies":[{"embeddable":true,"href":"https:\/\/www.royalvanzanten.com\/es\/wp-json\/wp\/v2\/comments?post=13807"}],"version-history":[{"count":8,"href":"https:\/\/www.royalvanzanten.com\/es\/wp-json\/wp\/v2\/pages\/13807\/revisions"}],"predecessor-version":[{"id":17713,"href":"https:\/\/www.royalvanzanten.com\/es\/wp-json\/wp\/v2\/pages\/13807\/revisions\/17713"}],"wp:featuredmedia":[{"embeddable":true,"href":"https:\/\/www.royalvanzanten.com\/es\/wp-json\/wp\/v2\/media\/13812"}],"wp:attachment":[{"href":"https:\/\/www.royalvanzanten.com\/es\/wp-json\/wp\/v2\/media?parent=13807"}],"curies":[{"name":"wp","href":"https:\/\/api.w.org\/{rel}","templated":true}]}}