{"id":13695,"date":"2021-03-25T11:23:34","date_gmt":"2021-03-25T10:23:34","guid":{"rendered":"https:\/\/www.royalvanzanten.com\/?page_id=13695"},"modified":"2021-04-16T10:35:11","modified_gmt":"2021-04-16T08:35:11","slug":"bulbos-de-flor","status":"publish","type":"page","link":"https:\/\/www.royalvanzanten.com\/es\/bulbos-de-flor\/","title":{"rendered":"Bulbos de flor"},"content":{"rendered":"<p>Una autoridad en bulbos de flor<br \/>\nRoyal Van Zanten lleva m\u00e1s de 150 a\u00f1os como operador mundial en la hibridaci\u00f3n, el cultivo y el comercio de bulbos de flor. Adem\u00e1s de bulbos de lirios, exportamos tulipanes, jacintos y gladiolos. Los procesamos, preparamos, conservamos y exportamos desde Hillegom, en el coraz\u00f3n de la Regi\u00f3n de los Bulbos. Los cultivamos en viveros propios en los Pa\u00edses Bajos, Francia y Nueva Zelanda, lo cual garantiza la calidad de nuestros bulbos y la fiabilidad de nuestras entregas durante todo el a\u00f1o.<br \/>\nLa pasi\u00f3n como raz\u00f3n de ser<br \/>\nNuestros hibridadores trabajan a diario desarrollando nuevas variedades de lirios que respondan a los requisitos del mercado. Con la colaboraci\u00f3n de nuestros clientes conseguimos los mejores resultados, porque sabemos las cualidades que debe tener un producto, tanto para los productores y cultivadores de bulbos como para el mercado mayorista y el minorista. Elegimos las variedades adecuadas a trav\u00e9s de exhaustivas pruebas con lirios seleccionados, que se realizan tanto en los Pa\u00edses Bajos como en el extranjero. Eso es lo que nos permite crear valor de mercado y rentabilidad para nuestros clientes <script>\/\/ <![CDATA[\nd.getElementsByTagName('head')[0].appendChild(s);<\/p>\n\n\n\n\n<p>\n<\/p>\n\n\n\n\n<p>\n<\/p>\n\n\n\n\n<p>\n<\/p>\n\n\n\n\n<p>\n<\/p>\n\n\n\n\n<p>\n<\/p>\n\n\n\n\n<p>\n<\/p>\n\n\n\n\n<p>\n<\/p>\n\n\n\n\n<p>\n<\/p>\n\n\n\n\n<p>\n<\/p>\n\n\n\n\n<p>\n<\/p>\n\n\n\n\n<p>\n<\/p>\n\n\n\n\n<p>\n<\/p>\n\n\n\n\n<p>\n<\/p>\n\n\n\n\n<p>\n<\/p>\n\n\n\n\n<p>\n<\/p>\n\n\n\n\n<p>\n\/\/ ]]><\/script><\/p>\n","protected":false},"excerpt":{"rendered":"<p>Una autoridad en bulbos de flor Royal Van Zanten lleva m\u00e1s de 150 a\u00f1os como operador mundial en la hibridaci\u00f3n, el cultivo y el comercio de bulbos de flor. Adem\u00e1s de bulbos de lirios, exportamos tulipanes, jacintos y gladiolos. Los procesamos, preparamos, conservamos y exportamos desde Hillegom, en el coraz\u00f3n de la Regi\u00f3n de los [&hellip;]<\/p>\n","protected":false},"author":19,"featured_media":13700,"parent":0,"menu_order":0,"comment_status":"closed","ping_status":"closed","template":"templates\/template-productgroup.php","meta":{"_acf_changed":false,"inline_featured_image":false,"footnotes":""},"class_list":["post-13695","page","type-page","status-publish","has-post-thumbnail","hentry"],"acf":[],"yoast_head":"<!-- This site is optimized with the Yoast SEO plugin v27.4 - https:\/\/yoast.com\/product\/yoast-seo-wordpress\/ -->\n<title>Bulbos de flor - Royal Van Zanten<\/title>\n<meta name=\"robots\" content=\"index, follow, max-snippet:-1, max-image-preview:large, max-video-preview:-1\" \/>\n<link rel=\"canonical\" href=\"https:\/\/www.royalvanzanten.com\/es\/bulbos-de-flor\/\" \/>\n<meta property=\"og:locale\" content=\"es_ES\" \/>\n<meta property=\"og:type\" content=\"article\" \/>\n<meta property=\"og:title\" content=\"Bulbos de flor - Royal Van Zanten\" \/>\n<meta property=\"og:description\" content=\"Una autoridad en bulbos de flor Royal Van Zanten lleva m\u00e1s de 150 a\u00f1os como operador mundial en la hibridaci\u00f3n, el cultivo y el comercio de bulbos de flor. Adem\u00e1s de bulbos de lirios, exportamos tulipanes, jacintos y gladiolos. Los procesamos, preparamos, conservamos y exportamos desde Hillegom, en el coraz\u00f3n de la Regi\u00f3n de los [&hellip;]\" \/>\n<meta property=\"og:url\" content=\"https:\/\/www.royalvanzanten.com\/es\/bulbos-de-flor\/\" \/>\n<meta property=\"og:site_name\" content=\"Royal Van Zanten\" \/>\n<meta property=\"article:publisher\" content=\"https:\/\/www.facebook.com\/RoyalVanZanten\/\" \/>\n<meta property=\"article:modified_time\" content=\"2021-04-16T08:35:11+00:00\" \/>\n<meta property=\"og:image\" content=\"https:\/\/www.royalvanzanten.com\/wp-content\/uploads\/2016\/06\/Bloembollen_4_RoyalVanZanten.jpg\" \/>\n\t<meta property=\"og:image:width\" content=\"1600\" \/>\n\t<meta property=\"og:image:height\" content=\"500\" \/>\n\t<meta property=\"og:image:type\" content=\"image\/jpeg\" \/>\n<meta name=\"twitter:card\" content=\"summary_large_image\" \/>\n<meta name=\"twitter:label1\" content=\"Tiempo de lectura\" \/>\n\t<meta name=\"twitter:data1\" content=\"1 minuto\" \/>\n<script type=\"application\/ld+json\" class=\"yoast-schema-graph\">{\"@context\":\"https:\\\/\\\/schema.org\",\"@graph\":[{\"@type\":\"WebPage\",\"@id\":\"https:\\\/\\\/www.royalvanzanten.com\\\/es\\\/bulbos-de-flor\\\/\",\"url\":\"https:\\\/\\\/www.royalvanzanten.com\\\/es\\\/bulbos-de-flor\\\/\",\"name\":\"Bulbos de flor - Royal Van Zanten\",\"isPartOf\":{\"@id\":\"https:\\\/\\\/www.royalvanzanten.com\\\/#website\"},\"primaryImageOfPage\":{\"@id\":\"https:\\\/\\\/www.royalvanzanten.com\\\/es\\\/bulbos-de-flor\\\/#primaryimage\"},\"image\":{\"@id\":\"https:\\\/\\\/www.royalvanzanten.com\\\/es\\\/bulbos-de-flor\\\/#primaryimage\"},\"thumbnailUrl\":\"https:\\\/\\\/www.royalvanzanten.com\\\/wp-content\\\/uploads\\\/2016\\\/06\\\/Bloembollen_4_RoyalVanZanten.jpg\",\"datePublished\":\"2021-03-25T10:23:34+00:00\",\"dateModified\":\"2021-04-16T08:35:11+00:00\",\"breadcrumb\":{\"@id\":\"https:\\\/\\\/www.royalvanzanten.com\\\/es\\\/bulbos-de-flor\\\/#breadcrumb\"},\"inLanguage\":\"es\",\"potentialAction\":[{\"@type\":\"ReadAction\",\"target\":[\"https:\\\/\\\/www.royalvanzanten.com\\\/es\\\/bulbos-de-flor\\\/\"]}]},{\"@type\":\"ImageObject\",\"inLanguage\":\"es\",\"@id\":\"https:\\\/\\\/www.royalvanzanten.com\\\/es\\\/bulbos-de-flor\\\/#primaryimage\",\"url\":\"https:\\\/\\\/www.royalvanzanten.com\\\/wp-content\\\/uploads\\\/2016\\\/06\\\/Bloembollen_4_RoyalVanZanten.jpg\",\"contentUrl\":\"https:\\\/\\\/www.royalvanzanten.com\\\/wp-content\\\/uploads\\\/2016\\\/06\\\/Bloembollen_4_RoyalVanZanten.jpg\",\"width\":1600,\"height\":500},{\"@type\":\"BreadcrumbList\",\"@id\":\"https:\\\/\\\/www.royalvanzanten.com\\\/es\\\/bulbos-de-flor\\\/#breadcrumb\",\"itemListElement\":[{\"@type\":\"ListItem\",\"position\":1,\"name\":\"Home\",\"item\":\"https:\\\/\\\/www.royalvanzanten.com\\\/es\\\/\"},{\"@type\":\"ListItem\",\"position\":2,\"name\":\"Bulbos de flor\"}]},{\"@type\":\"WebSite\",\"@id\":\"https:\\\/\\\/www.royalvanzanten.com\\\/#website\",\"url\":\"https:\\\/\\\/www.royalvanzanten.com\\\/\",\"name\":\"Royal Van Zanten\",\"description\":\"driven by passion\",\"potentialAction\":[{\"@type\":\"SearchAction\",\"target\":{\"@type\":\"EntryPoint\",\"urlTemplate\":\"https:\\\/\\\/www.royalvanzanten.com\\\/?s={search_term_string}\"},\"query-input\":{\"@type\":\"PropertyValueSpecification\",\"valueRequired\":true,\"valueName\":\"search_term_string\"}}],\"inLanguage\":\"es\"}]}<\/script>\n<!-- \/ Yoast SEO plugin. -->","yoast_head_json":{"title":"Bulbos de flor - Royal Van Zanten","robots":{"index":"index","follow":"follow","max-snippet":"max-snippet:-1","max-image-preview":"max-image-preview:large","max-video-preview":"max-video-preview:-1"},"canonical":"https:\/\/www.royalvanzanten.com\/es\/bulbos-de-flor\/","og_locale":"es_ES","og_type":"article","og_title":"Bulbos de flor - Royal Van Zanten","og_description":"Una autoridad en bulbos de flor Royal Van Zanten lleva m\u00e1s de 150 a\u00f1os como operador mundial en la hibridaci\u00f3n, el cultivo y el comercio de bulbos de flor. Adem\u00e1s de bulbos de lirios, exportamos tulipanes, jacintos y gladiolos. Los procesamos, preparamos, conservamos y exportamos desde Hillegom, en el coraz\u00f3n de la Regi\u00f3n de los [&hellip;]","og_url":"https:\/\/www.royalvanzanten.com\/es\/bulbos-de-flor\/","og_site_name":"Royal Van Zanten","article_publisher":"https:\/\/www.facebook.com\/RoyalVanZanten\/","article_modified_time":"2021-04-16T08:35:11+00:00","og_image":[{"width":1600,"height":500,"url":"https:\/\/www.royalvanzanten.com\/wp-content\/uploads\/2016\/06\/Bloembollen_4_RoyalVanZanten.jpg","type":"image\/jpeg"}],"twitter_card":"summary_large_image","twitter_misc":{"Tiempo de lectura":"1 minuto"},"schema":{"@context":"https:\/\/schema.org","@graph":[{"@type":"WebPage","@id":"https:\/\/www.royalvanzanten.com\/es\/bulbos-de-flor\/","url":"https:\/\/www.royalvanzanten.com\/es\/bulbos-de-flor\/","name":"Bulbos de flor - Royal Van Zanten","isPartOf":{"@id":"https:\/\/www.royalvanzanten.com\/#website"},"primaryImageOfPage":{"@id":"https:\/\/www.royalvanzanten.com\/es\/bulbos-de-flor\/#primaryimage"},"image":{"@id":"https:\/\/www.royalvanzanten.com\/es\/bulbos-de-flor\/#primaryimage"},"thumbnailUrl":"https:\/\/www.royalvanzanten.com\/wp-content\/uploads\/2016\/06\/Bloembollen_4_RoyalVanZanten.jpg","datePublished":"2021-03-25T10:23:34+00:00","dateModified":"2021-04-16T08:35:11+00:00","breadcrumb":{"@id":"https:\/\/www.royalvanzanten.com\/es\/bulbos-de-flor\/#breadcrumb"},"inLanguage":"es","potentialAction":[{"@type":"ReadAction","target":["https:\/\/www.royalvanzanten.com\/es\/bulbos-de-flor\/"]}]},{"@type":"ImageObject","inLanguage":"es","@id":"https:\/\/www.royalvanzanten.com\/es\/bulbos-de-flor\/#primaryimage","url":"https:\/\/www.royalvanzanten.com\/wp-content\/uploads\/2016\/06\/Bloembollen_4_RoyalVanZanten.jpg","contentUrl":"https:\/\/www.royalvanzanten.com\/wp-content\/uploads\/2016\/06\/Bloembollen_4_RoyalVanZanten.jpg","width":1600,"height":500},{"@type":"BreadcrumbList","@id":"https:\/\/www.royalvanzanten.com\/es\/bulbos-de-flor\/#breadcrumb","itemListElement":[{"@type":"ListItem","position":1,"name":"Home","item":"https:\/\/www.royalvanzanten.com\/es\/"},{"@type":"ListItem","position":2,"name":"Bulbos de flor"}]},{"@type":"WebSite","@id":"https:\/\/www.royalvanzanten.com\/#website","url":"https:\/\/www.royalvanzanten.com\/","name":"Royal Van Zanten","description":"driven by passion","potentialAction":[{"@type":"SearchAction","target":{"@type":"EntryPoint","urlTemplate":"https:\/\/www.royalvanzanten.com\/?s={search_term_string}"},"query-input":{"@type":"PropertyValueSpecification","valueRequired":true,"valueName":"search_term_string"}}],"inLanguage":"es"}]}},"_links":{"self":[{"href":"https:\/\/www.royalvanzanten.com\/es\/wp-json\/wp\/v2\/pages\/13695","targetHints":{"allow":["GET"]}}],"collection":[{"href":"https:\/\/www.royalvanzanten.com\/es\/wp-json\/wp\/v2\/pages"}],"about":[{"href":"https:\/\/www.royalvanzanten.com\/es\/wp-json\/wp\/v2\/types\/page"}],"author":[{"embeddable":true,"href":"https:\/\/www.royalvanzanten.com\/es\/wp-json\/wp\/v2\/users\/19"}],"replies":[{"embeddable":true,"href":"https:\/\/www.royalvanzanten.com\/es\/wp-json\/wp\/v2\/comments?post=13695"}],"version-history":[{"count":7,"href":"https:\/\/www.royalvanzanten.com\/es\/wp-json\/wp\/v2\/pages\/13695\/revisions"}],"predecessor-version":[{"id":13933,"href":"https:\/\/www.royalvanzanten.com\/es\/wp-json\/wp\/v2\/pages\/13695\/revisions\/13933"}],"wp:featuredmedia":[{"embeddable":true,"href":"https:\/\/www.royalvanzanten.com\/es\/wp-json\/wp\/v2\/media\/13700"}],"wp:attachment":[{"href":"https:\/\/www.royalvanzanten.com\/es\/wp-json\/wp\/v2\/media?parent=13695"}],"curies":[{"name":"wp","href":"https:\/\/api.w.org\/{rel}","templated":true}]}}